{"id":5747,"date":"2023-12-05T15:56:25","date_gmt":"2023-12-05T14:56:25","guid":{"rendered":"https:\/\/www.nekedfoztem.com\/?page_id=5747"},"modified":"2023-12-07T09:30:16","modified_gmt":"2023-12-07T08:30:16","slug":"szechenyi-terv-plusz","status":"publish","type":"page","link":"https:\/\/www.nekedfoztem.com\/?page_id=5747","title":{"rendered":"Sz\u00e9chenyi Terv Plusz"},"content":{"rendered":"\t\t<div data-elementor-type=\"wp-page\" data-elementor-id=\"5747\" class=\"elementor elementor-5747\">\n\t\t\t\t\t\t\t\t\t<section class=\"elementor-section elementor-top-section elementor-element elementor-element-7f58cbd elementor-section-boxed elementor-section-height-default elementor-section-height-default eltdf-parallax-row-no eltdf-content-aligment-left eltdf-elementor-row-grid-no eltdf-disabled-bg-image-bellow-no\" data-id=\"7f58cbd\" data-element_type=\"section\">\n\t\t\t\t\t\t<div class=\"elementor-container elementor-column-gap-default\">\n\t\t\t\t\t<div class=\"elementor-column elementor-col-100 elementor-top-column elementor-element elementor-element-d138562\" data-id=\"d138562\" data-element_type=\"column\">\n\t\t\t<div class=\"elementor-widget-wrap\">\n\t\t\t\t\t\t\t\t\t<\/div>\n\t\t<\/div>\n\t\t\t\t\t\t\t<\/div>\n\t\t<\/section>\n\t\t\t\t<section class=\"elementor-section elementor-top-section elementor-element elementor-element-b8d3aa2 elementor-section-full_width elementor-section-height-default elementor-section-height-default eltdf-parallax-row-no eltdf-content-aligment-left eltdf-elementor-row-grid-no eltdf-disabled-bg-image-bellow-no\" data-id=\"b8d3aa2\" data-element_type=\"section\">\n\t\t\t\t\t\t<div class=\"elementor-container elementor-column-gap-default\">\n\t\t\t\t\t<div class=\"elementor-column elementor-col-100 elementor-top-column elementor-element elementor-element-9b2d12b\" data-id=\"9b2d12b\" data-element_type=\"column\">\n\t\t\t<div class=\"elementor-widget-wrap elementor-element-populated\">\n\t\t\t\t\t\t\t\t<div class=\"elementor-element elementor-element-2f2c0ab elementor-widget elementor-widget-spacer\" data-id=\"2f2c0ab\" data-element_type=\"widget\" data-widget_type=\"spacer.default\">\n\t\t\t\t<div class=\"elementor-widget-container\">\n\t\t\t<style>\/*! elementor - v3.6.6 - 08-06-2022 *\/\n.e-container.e-container--row .elementor-spacer-inner{width:var(--spacer-size)}.e-container.e-container--column .elementor-spacer-inner,.elementor-column .elementor-spacer-inner{height:var(--spacer-size)}<\/style>\t\t<div class=\"elementor-spacer\">\n\t\t\t<div class=\"elementor-spacer-inner\"><\/div>\n\t\t<\/div>\n\t\t\t\t<\/div>\n\t\t\t\t<\/div>\n\t\t\t\t<div class=\"elementor-element elementor-element-cea21df elementor-widget elementor-widget-text-editor\" data-id=\"cea21df\" data-element_type=\"widget\" data-widget_type=\"text-editor.default\">\n\t\t\t\t<div class=\"elementor-widget-container\">\n\t\t\t<style>\/*! elementor - v3.6.6 - 08-06-2022 *\/\n.elementor-widget-text-editor.elementor-drop-cap-view-stacked .elementor-drop-cap{background-color:#818a91;color:#fff}.elementor-widget-text-editor.elementor-drop-cap-view-framed .elementor-drop-cap{color:#818a91;border:3px solid;background-color:transparent}.elementor-widget-text-editor:not(.elementor-drop-cap-view-default) .elementor-drop-cap{margin-top:8px}.elementor-widget-text-editor:not(.elementor-drop-cap-view-default) .elementor-drop-cap-letter{width:1em;height:1em}.elementor-widget-text-editor .elementor-drop-cap{float:left;text-align:center;line-height:1;font-size:50px}.elementor-widget-text-editor .elementor-drop-cap-letter{display:inline-block}<\/style>\t\t\t\t<p><b>Kedvezm\u00e9nyezett neve :<\/b><\/p>\n<ol>\n<li style=\"font-weight: 400;\" aria-level=\"1\"><span style=\"font-weight: 400;\">C\u00e9g neve \u00e9s ad\u00f3sz\u00e1ma: Neked F\u0151ztem Kft. 23540208-2-19<\/span><\/li>\n<li style=\"font-weight: 400;\" aria-level=\"1\"><span style=\"font-weight: 400;\">Sz\u00e9khely c\u00edme <\/span><span style=\"font-weight: 400;\">helyrajzi sz\u00e1mmal<\/span><span style=\"font-weight: 400;\">: 8251 Z\u00e1nka Kossuth utca 2. hrsz.53<\/span><\/li>\n<li style=\"font-weight: 400;\" aria-level=\"1\"><span style=\"font-weight: 400;\">Levelez\u00e9si c\u00edm <\/span><span style=\"font-weight: 400;\">helyrajzi sz\u00e1mmal<\/span><span style=\"font-weight: 400;\"> , tel. \u00e9s fax: 8251 Z\u00e1nka Kossuth u. 2 hrsz 53. &nbsp; &nbsp; &nbsp; &nbsp; 06-70-525-4109<\/span><\/li>\n<li style=\"font-weight: 400;\" aria-level=\"1\"><span style=\"font-weight: 400;\">Weboldal: www.nekedfoztem.com<\/span><\/li>\n<li style=\"font-weight: 400;\" aria-level=\"1\"><span style=\"font-weight: 400;\">Hivatalos k\u00e9pvisel\u0151 adatai: Horv\u00e1th-Kert\u00e9sz Orsolya tulajdonos<\/span><\/li>\n<li style=\"font-weight: 400;\" aria-level=\"1\"><span style=\"font-weight: 400;\">Kapcsolat tart\u00f3 adatai :u.a<\/span><\/li>\n<\/ol>\n<p><b>Projekt c\u00edme :<\/b><\/p>\n<p><span style=\"font-weight: 400;\">GINO-1.2.9-20-2021-05542<\/span><\/p>\n<p><span style=\"font-weight: 400;\">Neked F\u0151ztem Kft. \u00e1ltal \u00fczemeltett Neked F\u0151ztem gasztrokocsma \u00e9tterm\u00e9nek, konyh\u00e1j\u00e1nak korszer\u0171s\u00edt\u00e9se kapacit\u00e1s n\u00f6veked\u00e9s \u00e9rdek\u00e9ben illetve a dolgoz\u00f3k munkak\u00f6r\u00fclm\u00e9nyeinek jav\u00edt\u00e1sa.<\/span><\/p>\n<p><\/p>\n<table>\n<tbody>\n<tr>\n<td>\n<p><span style=\"font-weight: 400;\">T\u00e1mogat\u00f3i Okirat hat\u00e1lybal\u00e9p\u00e9s\u00e9nek id\u0151pontja<\/span><\/p>\n<\/td>\n<td>\n<p><span style=\"font-weight: 400;\">2022.01.05<\/span><\/p>\n<\/td>\n<\/tr>\n<tr>\n<td>\n<p><span style=\"font-weight: 400;\">Projekt tervezett kezd\u00e9si id\u0151pontja<\/span><\/p>\n<\/td>\n<td>\n<p><span style=\"font-weight: 400;\">2022.02.01<\/span><\/p>\n<\/td>\n<\/tr>\n<tr>\n<td>\n<p><span style=\"font-weight: 400;\">Projekt k\u00f6lts\u00e9gei elsz\u00e1molhat\u00f3s\u00e1g\u00e1nak kezd\u0151 id\u0151pontja<\/span><\/p>\n<\/td>\n<td>\n<p><span style=\"font-weight: 400;\">2021.11.26<\/span><\/p>\n<\/td>\n<\/tr>\n<tr>\n<td>\n<p><span style=\"font-weight: 400;\">Projekt tervezett fizikai befejez\u00e9s\u00e9nek id\u0151pontja<\/span><\/p>\n<\/td>\n<td>\n<p><span style=\"font-weight: 400;\">2022.04.30<\/span><\/p>\n<\/td>\n<\/tr>\n<tr>\n<td>\n<p><span style=\"font-weight: 400;\">Projekt (beruh\u00e1z\u00e1s ) TSZ\/TO szerinti elsz\u00e1molhat\u00f3 \u00f6sszk\u00f6lts\u00e9ge (Ft)<\/span><\/p>\n<\/td>\n<td>\n<p><span style=\"font-weight: 400;\">14&nbsp;285&nbsp;713.-<\/span><\/p>\n<\/td>\n<\/tr>\n<tr>\n<td>\n<p><span style=\"font-weight: 400;\">T\u00e1mogat\u00e1s szerz\u0151d\u00f6tt \u00f6sszeg (Ft), m\u00e9rt\u00e9ke %-ban<\/span><\/p>\n<\/td>\n<td>\n<p><span style=\"font-weight: 400;\">9&nbsp;999&nbsp;999.-&nbsp; &nbsp; &nbsp;( 69,99% )<\/span><\/p>\n<\/td>\n<\/tr>\n<tr>\n<td>\n<p><span style=\"font-weight: 400;\">Projekt megval\u00f3s\u00edt\u00e1s\u00e1nak helysz\u00edne<\/span><\/p>\n<\/td>\n<td>\n<p><span style=\"font-weight: 400;\">8251 Z\u00e1nka F\u0151 utca 7 (Hrsz:87\/5\/A\/1)<\/span><\/p>\n<\/td>\n<\/tr>\n<\/tbody>\n<\/table>\n<p><\/p>\t\t\t\t\t\t<\/div>\n\t\t\t\t<\/div>\n\t\t\t\t<div class=\"elementor-element elementor-element-cc320db elementor-widget elementor-widget-spacer\" data-id=\"cc320db\" data-element_type=\"widget\" data-widget_type=\"spacer.default\">\n\t\t\t\t<div class=\"elementor-widget-container\">\n\t\t\t\t\t<div class=\"elementor-spacer\">\n\t\t\t<div class=\"elementor-spacer-inner\"><\/div>\n\t\t<\/div>\n\t\t\t\t<\/div>\n\t\t\t\t<\/div>\n\t\t\t\t<div class=\"elementor-element elementor-element-f06a8d2 elementor-widget elementor-widget-text-editor\" data-id=\"f06a8d2\" data-element_type=\"widget\" data-widget_type=\"text-editor.default\">\n\t\t\t\t<div class=\"elementor-widget-container\">\n\t\t\t\t\t\t\t<p><b>Projekt tartalma:<\/b><\/p>\t\t\t\t\t\t<\/div>\n\t\t\t\t<\/div>\n\t\t\t\t<section class=\"elementor-section elementor-inner-section elementor-element elementor-element-abe170f elementor-section-boxed elementor-section-height-default elementor-section-height-default eltdf-parallax-row-no eltdf-content-aligment-left eltdf-elementor-row-grid-no eltdf-disabled-bg-image-bellow-no\" data-id=\"abe170f\" data-element_type=\"section\">\n\t\t\t\t\t\t<div class=\"elementor-container elementor-column-gap-default\">\n\t\t\t\t\t<div class=\"elementor-column elementor-col-50 elementor-inner-column elementor-element elementor-element-0e17059\" data-id=\"0e17059\" data-element_type=\"column\">\n\t\t\t<div class=\"elementor-widget-wrap elementor-element-populated\">\n\t\t\t\t\t\t\t\t<div class=\"elementor-element elementor-element-a704d70 elementor-widget elementor-widget-image\" data-id=\"a704d70\" data-element_type=\"widget\" data-widget_type=\"image.default\">\n\t\t\t\t<div class=\"elementor-widget-container\">\n\t\t\t<style>\/*! elementor - v3.6.6 - 08-06-2022 *\/\n.elementor-widget-image{text-align:center}.elementor-widget-image a{display:inline-block}.elementor-widget-image a img[src$=\".svg\"]{width:48px}.elementor-widget-image img{vertical-align:middle;display:inline-block}<\/style>\t\t\t\t\t\t\t\t\t\t\t\t<img loading=\"lazy\" decoding=\"async\" width=\"480\" height=\"317\" src=\"https:\/\/www.nekedfoztem.com\/wp-content\/uploads\/2023\/12\/neked1.jpeg\" class=\"attachment-large size-large\" alt=\"\" srcset=\"https:\/\/www.nekedfoztem.com\/wp-content\/uploads\/2023\/12\/neked1.jpeg 480w, https:\/\/www.nekedfoztem.com\/wp-content\/uploads\/2023\/12\/neked1-300x198.jpeg 300w\" sizes=\"auto, (max-width: 480px) 100vw, 480px\" \/>\t\t\t\t\t\t\t\t\t\t\t\t\t\t\t<\/div>\n\t\t\t\t<\/div>\n\t\t\t\t\t<\/div>\n\t\t<\/div>\n\t\t\t\t<div class=\"elementor-column elementor-col-50 elementor-inner-column elementor-element elementor-element-647dbb8\" data-id=\"647dbb8\" data-element_type=\"column\">\n\t\t\t<div class=\"elementor-widget-wrap elementor-element-populated\">\n\t\t\t\t\t\t\t\t<div class=\"elementor-element elementor-element-74bf04a elementor-widget elementor-widget-image\" data-id=\"74bf04a\" data-element_type=\"widget\" data-widget_type=\"image.default\">\n\t\t\t\t<div class=\"elementor-widget-container\">\n\t\t\t\t\t\t\t\t\t\t\t\t\t\t\t<img loading=\"lazy\" decoding=\"async\" width=\"653\" height=\"436\" src=\"https:\/\/www.nekedfoztem.com\/wp-content\/uploads\/2023\/12\/neked2.jpeg\" class=\"attachment-large size-large\" alt=\"\" srcset=\"https:\/\/www.nekedfoztem.com\/wp-content\/uploads\/2023\/12\/neked2.jpeg 653w, https:\/\/www.nekedfoztem.com\/wp-content\/uploads\/2023\/12\/neked2-300x200.jpeg 300w\" sizes=\"auto, (max-width: 653px) 100vw, 653px\" \/>\t\t\t\t\t\t\t\t\t\t\t\t\t\t\t<\/div>\n\t\t\t\t<\/div>\n\t\t\t\t\t<\/div>\n\t\t<\/div>\n\t\t\t\t\t\t\t<\/div>\n\t\t<\/section>\n\t\t\t\t<div class=\"elementor-element elementor-element-f7b035d elementor-widget elementor-widget-text-editor\" data-id=\"f7b035d\" data-element_type=\"widget\" data-widget_type=\"text-editor.default\">\n\t\t\t\t<div class=\"elementor-widget-container\">\n\t\t\t\t\t\t\t<p><span style=\"font-weight: 400;\">Neked F\u0151ztem gasztrokocsma 2016 nyar\u00e1n kezdte p\u00e1lyafut\u00e1s\u00e1t. Z\u00e1nka egyik kiemelt \u00e9p\u00fclete r\u00e9gen \u00e1ltal\u00e1nos iskola volt majd h\u00e1zass\u00e1g k\u00f6t\u0151 teremk\u00e9nt haszn\u00e1lt\u00e1k. A h\u00e1z jelleg\u00e9t semmik\u00e9pp se szeretn\u00e9nk \u00e1talak\u00edtani, mert rengeteg embernek ebben a form\u00e1ban a sz\u00edve cs\u00fccske. K\u00e1li \u2013medence kapuj\u00e1ban \u00e1ll\u00f3 \u00e9tterem szerencs\u00e9s helyzetben van, mert t\u00f6bb, fontosabb \u00fatvonal szeli \u00e1t Veszpr\u00e9m \u00e9s Tapolca fel\u00e9 is el lehet indulni az \u00e9tteremt\u0151l illetve, ahogy mi h\u00edvjuk a gasztrokocsm\u00e1t\u00f3l.<\/span><\/p>\t\t\t\t\t\t<\/div>\n\t\t\t\t<\/div>\n\t\t\t\t<section class=\"elementor-section elementor-inner-section elementor-element elementor-element-7e29316 elementor-section-boxed elementor-section-height-default elementor-section-height-default eltdf-parallax-row-no eltdf-content-aligment-left eltdf-elementor-row-grid-no eltdf-disabled-bg-image-bellow-no\" data-id=\"7e29316\" data-element_type=\"section\">\n\t\t\t\t\t\t<div class=\"elementor-container elementor-column-gap-default\">\n\t\t\t\t\t<div class=\"elementor-column elementor-col-50 elementor-inner-column elementor-element elementor-element-f45ac08\" data-id=\"f45ac08\" data-element_type=\"column\">\n\t\t\t<div class=\"elementor-widget-wrap elementor-element-populated\">\n\t\t\t\t\t\t\t\t<div class=\"elementor-element elementor-element-3a2bef3 elementor-widget elementor-widget-image\" data-id=\"3a2bef3\" data-element_type=\"widget\" data-widget_type=\"image.default\">\n\t\t\t\t<div class=\"elementor-widget-container\">\n\t\t\t\t\t\t\t\t\t\t\t\t\t\t\t<img loading=\"lazy\" decoding=\"async\" width=\"384\" height=\"512\" src=\"https:\/\/www.nekedfoztem.com\/wp-content\/uploads\/2023\/12\/neked3.jpeg\" class=\"attachment-large size-large\" alt=\"\" srcset=\"https:\/\/www.nekedfoztem.com\/wp-content\/uploads\/2023\/12\/neked3.jpeg 384w, https:\/\/www.nekedfoztem.com\/wp-content\/uploads\/2023\/12\/neked3-225x300.jpeg 225w\" sizes=\"auto, (max-width: 384px) 100vw, 384px\" \/>\t\t\t\t\t\t\t\t\t\t\t\t\t\t\t<\/div>\n\t\t\t\t<\/div>\n\t\t\t\t\t<\/div>\n\t\t<\/div>\n\t\t\t\t<div class=\"elementor-column elementor-col-50 elementor-inner-column elementor-element elementor-element-e18d5ed\" data-id=\"e18d5ed\" data-element_type=\"column\">\n\t\t\t<div class=\"elementor-widget-wrap elementor-element-populated\">\n\t\t\t\t\t\t\t\t<div class=\"elementor-element elementor-element-636da30 elementor-widget elementor-widget-image\" data-id=\"636da30\" data-element_type=\"widget\" data-widget_type=\"image.default\">\n\t\t\t\t<div class=\"elementor-widget-container\">\n\t\t\t\t\t\t\t\t\t\t\t\t\t\t\t<img loading=\"lazy\" decoding=\"async\" width=\"512\" height=\"384\" src=\"https:\/\/www.nekedfoztem.com\/wp-content\/uploads\/2023\/12\/neked4.jpeg\" class=\"attachment-large size-large\" alt=\"\" srcset=\"https:\/\/www.nekedfoztem.com\/wp-content\/uploads\/2023\/12\/neked4.jpeg 512w, https:\/\/www.nekedfoztem.com\/wp-content\/uploads\/2023\/12\/neked4-300x225.jpeg 300w, https:\/\/www.nekedfoztem.com\/wp-content\/uploads\/2023\/12\/neked4-400x300.jpeg 400w\" sizes=\"auto, (max-width: 512px) 100vw, 512px\" \/>\t\t\t\t\t\t\t\t\t\t\t\t\t\t\t<\/div>\n\t\t\t\t<\/div>\n\t\t\t\t\t<\/div>\n\t\t<\/div>\n\t\t\t\t\t\t\t<\/div>\n\t\t<\/section>\n\t\t\t\t<div class=\"elementor-element elementor-element-11a9ff0 elementor-widget elementor-widget-text-editor\" data-id=\"11a9ff0\" data-element_type=\"widget\" data-widget_type=\"text-editor.default\">\n\t\t\t\t<div class=\"elementor-widget-container\">\n\t\t\t\t\t\t\t<p><span style=\"font-weight: 400;\">A fel\u00faj\u00edt\u00e1s l\u00e9nyege a kapacit\u00e1s n\u00f6veked\u00e9s, ugyanis korszer\u0171bb g\u00e9pekkel gyorsabban ki&nbsp; tudjuk szolg\u00e1lni az embereket \u00e9s a koll\u00e9g\u00e1knak is k\u00e9nyelmesebb munkak\u00f6r\u00fclm\u00e9nyt tudunk biztos\u00edtani.<\/span><\/p>\n<p><span style=\"font-weight: 400;\">A konyha g\u00e9pei a k\u00f6vetkez\u0151k lenn\u00e9nek&nbsp; Ilsa 700-as h\u0171t\u00f6tt munkapult 8 fi\u00f3kos, h\u00e1ts\u00f3 felhajt\u00e1ssal \u00e9s a Ilsa 700-as h\u0171t\u0151 munkapult&nbsp; 6 fi\u00f3kos pult al\u00e1 helyezhet\u0151 elemek. A konyha bal odal\u00e1n ker\u00fcl lecser\u00e9l\u00e9s\u00e9re a t\u0171zhely a Desco 700-as g\u00e1zos francia t\u0171zhely 800 mm, als\u00f3 t\u00e1rol\u00f3val , ide ker\u00fclne m\u00e9g egy Desco 700-as elektromos frit\u0151z illetve egy&nbsp; Rational.<\/span><\/p>\n<p><span style=\"font-weight: 400;\">Konyhai r\u00e9gi elemeinek bemutat\u00e1sa sor\u00e1n az&nbsp; elsz\u00edv\u00f3 rendszer\u00fcnk marad. A bal oldali k\u00e9pen l\u00e1that\u00f3 kicsi frit\u0151zt szeretn\u00e9nk lecser\u00e9lni ugyanis m\u00e1r a kapacit\u00e1st nem b\u00edrja \u00e9s a s\u00fct\u0151 hely\u00e9re ker\u00fclne az el\u0151bb eml\u00edtett Rational kombis\u00fct\u0151 is.&nbsp; S\u00fct\u0151vel szint\u00e9n nagyobb l\u00e9tsz\u00e1mot tudn\u00e1nk kiszolg\u00e1lni jelenlegi szezonban l\u00e9v\u0151 napi 230 adagot ak\u00e1r 100 f\u0151vel is tudn\u00e1nk n\u00f6velni.<\/span><\/p>\n<p><b>Projektet tartalmaz\u00f3 g\u00e9pek list\u00e1ja :<\/b><\/p>\n<table>\n<tbody>\n<tr>\n<td>\n<p><b>P\u00e1ly\u00e1zat \u00e1ltal megval\u00f3sult<\/b><\/p>\n<\/td>\n<td>\n<p><b>\u00c1ra<\/b><\/p>\n<\/td>\n<\/tr>\n<tr>\n<td>\n<p><b>Desco 700-as g\u00e1zas frit\u0151z , 1 akn\u00e1s 15 literes<\/b><\/p>\n<\/td>\n<td>\n<p><b>&nbsp; 1 db&nbsp; &nbsp; &nbsp; <\/b><b style=\"letter-spacing: 0px;\">695&nbsp;000.-<\/b><\/p>\n<\/td>\n<\/tr>\n<tr>\n<td>\n<p><b>Ilsa 700-as h\u0171t\u00f6tt munkapult 6 fi\u00f3kos h\u00e1ts\u00f3 felhajt\u00e1ssal<\/b><\/p>\n<\/td>\n<td>\n<p><b>1 db<\/b><\/p>\n<p><b>945 000<\/b><\/p>\n<\/td>\n<\/tr>\n<tr>\n<td>\n<p><b>Ilsa 700-as&nbsp; h\u0171t\u00f6tt munkapult 4 fi\u00f3kos pult al\u00e1 hely.<\/b><\/p>\n<\/td>\n<td>\n<p><b>1 db<\/b><\/p>\n<p><b>795 000<\/b><\/p>\n<\/td>\n<\/tr>\n<tr>\n<td>\n<p><b>Desco 700-as g\u00e1zos francia t\u0171zhely&nbsp; 800 mm,als\u00f3 t\u00e1lc\u00e1s<\/b><\/p>\n<\/td>\n<td>\n<p><b>1db<\/b><\/p>\n<p><b>725 000<\/b><\/p>\n<\/td>\n<\/tr>\n<tr>\n<td>\n<p><b>Desco 700-as 6 \u00e9g\u0151s g\u00e1zas t\u0171zhely, als\u00f3 t\u00e1rol\u00f3<\/b><\/p>\n<\/td>\n<td>\n<p><b>1db<\/b><\/p>\n<p><b>725 000<\/b><\/p>\n<\/td>\n<\/tr>\n<tr>\n<td>\n<p><b>Rational&nbsp; iCombi Classiico 101 kombis\u00fct\u0151, kombip\u00e1rol\u00f3<\/b><\/p>\n<\/td>\n<td>\n<p><b>1 db<\/b><\/p>\n<p><b>2&nbsp;735&nbsp;680&nbsp;<\/b><\/p>\n<\/td>\n<\/tr>\n<tr>\n<td>\n<p><b>Gastromet\u00e1l melegentart\u00f3 pult<\/b><\/p>\n<\/td>\n<td>\n<p><b>1 db<\/b><\/p>\n<p><b>825 000<\/b><\/p>\n<\/td>\n<\/tr>\n<tr>\n<td>\n<p><b>Silver 1500 EXCEL 2 HYGIENE+kalapos mosogat\u00f3g\u00e9p<\/b><\/p>\n<\/td>\n<td>\n<p><b>1 db<\/b><\/p>\n<p><b>1&nbsp;700&nbsp;500&nbsp;<\/b><\/p>\n<\/td>\n<\/tr>\n<tr>\n<td>\n<p><b>B\u00e1rpult Orion 8 fi\u00f3kos<\/b><\/p>\n<\/td>\n<td>\n<p><b>1 db<\/b><\/p>\n<p><b>1&nbsp;995 000<\/b><\/p>\n<\/td>\n<\/tr>\n<tr>\n<td>\n<p><b>\u00c1llv\u00e1ny<\/b><\/p>\n<\/td>\n<td>\n<p><b>1 db<\/b><\/p>\n<p><b>205&nbsp;000<\/b><\/p>\n<\/td>\n<\/tr>\n<tr>\n<td>\n<p><b>Felt\u00e9t h\u0171t\u0151&nbsp;<\/b><\/p>\n<\/td>\n<td>\n<p><b>2 db<\/b><\/p>\n<p><b>510&nbsp;000<\/b><\/p>\n<\/td>\n<\/tr>\n<tr>\n<td>\n<p><b>Mosogat\u00f3&nbsp;<\/b><\/p>\n<p><b>2 medenc\u00e9s<\/b><\/p>\n<\/td>\n<td>\n<p><b>1 db&nbsp;<\/b><\/p>\n<p><b>135 000<\/b><\/p>\n<\/td>\n<\/tr>\n<tr>\n<td>\n<p><b>K\u00e9zmos\u00f3<\/b><span style=\"font-weight: 400;\">&nbsp;<\/span><\/p>\n<\/td>\n<td>\n<p><b>1 db<\/b><\/p>\n<p><b>157 000<\/b><\/p>\n<\/td>\n<\/tr>\n<tr>\n<td>\n<p><b>Z\u00f6lds\u00e9gszeletel\u0151<\/b><\/p>\n<\/td>\n<td>\n<p><b>1 db<\/b><\/p>\n<p><b>345 000<\/b><\/p>\n<\/td>\n<\/tr>\n<\/tbody>\n<\/table>\n<p><span style=\"font-weight: 400;\">A t\u00e1bl\u00e1zatban vastagon szedett g\u00e9pek, ker\u00fcltek csak elfogad\u00e1sra a m\u00f3dos\u00edt\u00e1sok v\u00e9gett a t\u00f6bbi g\u00e9p nem ker\u00fclt elsz\u00e1molhat\u00f3s\u00e1g al\u00e1.<\/span><\/p>\n<p><b>Projekt t\u00e9nyleges befejez\u00e9se :<\/b> <b>2022.09.28<\/b><\/p>\n<p><b>Projekt azonos\u00edt\u00f3 : GINOP-1.2.9-20-2021-05542<\/b><\/p>\t\t\t\t\t\t<\/div>\n\t\t\t\t<\/div>\n\t\t\t\t\t<\/div>\n\t\t<\/div>\n\t\t\t\t\t\t\t<\/div>\n\t\t<\/section>\n\t\t\t\t\t\t\t<\/div>\n\t\t","protected":false},"excerpt":{"rendered":"<p>Kedvezm\u00e9nyezett neve : C\u00e9g neve \u00e9s ad\u00f3sz\u00e1ma: Neked F\u0151ztem Kft. 23540208-2-19 Sz\u00e9khely c\u00edme helyrajzi sz\u00e1mmal: 8251 Z\u00e1nka Kossuth utca 2. hrsz.53 Levelez\u00e9si c\u00edm helyrajzi sz\u00e1mmal , tel. \u00e9s fax: 8251 Z\u00e1nka Kossuth u. 2 hrsz 53. &nbsp; &nbsp; &nbsp; &nbsp; [&hellip;]<\/p>\n","protected":false},"author":1,"featured_media":0,"parent":0,"menu_order":0,"comment_status":"closed","ping_status":"closed","template":"","meta":{"ngg_post_thumbnail":0,"footnotes":""},"class_list":["post-5747","page","type-page","status-publish","hentry"],"_links":{"self":[{"href":"https:\/\/www.nekedfoztem.com\/index.php?rest_route=\/wp\/v2\/pages\/5747","targetHints":{"allow":["GET"]}}],"collection":[{"href":"https:\/\/www.nekedfoztem.com\/index.php?rest_route=\/wp\/v2\/pages"}],"about":[{"href":"https:\/\/www.nekedfoztem.com\/index.php?rest_route=\/wp\/v2\/types\/page"}],"author":[{"embeddable":true,"href":"https:\/\/www.nekedfoztem.com\/index.php?rest_route=\/wp\/v2\/users\/1"}],"replies":[{"embeddable":true,"href":"https:\/\/www.nekedfoztem.com\/index.php?rest_route=%2Fwp%2Fv2%2Fcomments&post=5747"}],"version-history":[{"count":14,"href":"https:\/\/www.nekedfoztem.com\/index.php?rest_route=\/wp\/v2\/pages\/5747\/revisions"}],"predecessor-version":[{"id":5779,"href":"https:\/\/www.nekedfoztem.com\/index.php?rest_route=\/wp\/v2\/pages\/5747\/revisions\/5779"}],"wp:attachment":[{"href":"https:\/\/www.nekedfoztem.com\/index.php?rest_route=%2Fwp%2Fv2%2Fmedia&parent=5747"}],"curies":[{"name":"wp","href":"https:\/\/api.w.org\/{rel}","templated":true}]}}