{"id":3568,"date":"2020-04-28T12:36:01","date_gmt":"2020-04-28T12:36:01","guid":{"rendered":"https:\/\/laurent.qodeinteractive.com\/elementor\/?page_id=3568"},"modified":"2023-11-19T06:19:23","modified_gmt":"2023-11-19T05:19:23","slug":"asztalfoglalas","status":"publish","type":"page","link":"https:\/\/www.nekedfoztem.com\/?page_id=3568","title":{"rendered":"Asztalfoglal\u00e1s"},"content":{"rendered":"\t\t<div data-elementor-type=\"wp-page\" data-elementor-id=\"3568\" class=\"elementor elementor-3568\">\n\t\t\t\t\t\t\t\t\t<section class=\"elementor-section elementor-top-section elementor-element elementor-element-14d5ef5 eltdf-elementor-row-grid-section elementor-section-boxed elementor-section-height-default elementor-section-height-default eltdf-parallax-row-no eltdf-content-aligment-left eltdf-disabled-bg-image-bellow-no\" data-id=\"14d5ef5\" data-element_type=\"section\">\n\t\t\t\t\t\t<div class=\"elementor-container elementor-column-gap-default\">\n\t\t\t\t\t<div class=\"elementor-column elementor-col-100 elementor-top-column elementor-element elementor-element-876c18f\" data-id=\"876c18f\" data-element_type=\"column\">\n\t\t\t<div class=\"elementor-widget-wrap elementor-element-populated\">\n\t\t\t\t\t\t\t\t<div class=\"elementor-element elementor-element-a90c456 elementor-widget elementor-widget-heading\" data-id=\"a90c456\" data-element_type=\"widget\" data-widget_type=\"heading.default\">\n\t\t\t\t<div class=\"elementor-widget-container\">\n\t\t\t<style>\/*! elementor - v3.6.6 - 08-06-2022 *\/\n.elementor-heading-title{padding:0;margin:0;line-height:1}.elementor-widget-heading .elementor-heading-title[class*=elementor-size-]>a{color:inherit;font-size:inherit;line-height:inherit}.elementor-widget-heading .elementor-heading-title.elementor-size-small{font-size:15px}.elementor-widget-heading .elementor-heading-title.elementor-size-medium{font-size:19px}.elementor-widget-heading .elementor-heading-title.elementor-size-large{font-size:29px}.elementor-widget-heading .elementor-heading-title.elementor-size-xl{font-size:39px}.elementor-widget-heading .elementor-heading-title.elementor-size-xxl{font-size:59px}<\/style><p class=\"elementor-heading-title elementor-size-default\">Asztalfoglal\u00e1s<\/p>\t\t<\/div>\n\t\t\t\t<\/div>\n\t\t\t\t\t<\/div>\n\t\t<\/div>\n\t\t\t\t\t\t\t<\/div>\n\t\t<\/section>\n\t\t\t\t<section class=\"elementor-section elementor-top-section elementor-element elementor-element-2d87274 elementor-section-boxed elementor-section-height-default elementor-section-height-default eltdf-parallax-row-no eltdf-content-aligment-left eltdf-elementor-row-grid-no eltdf-disabled-bg-image-bellow-no\" data-id=\"2d87274\" data-element_type=\"section\">\n\t\t\t\t\t\t<div class=\"elementor-container elementor-column-gap-default\">\n\t\t\t\t\t<div class=\"elementor-column elementor-col-100 elementor-top-column elementor-element elementor-element-f5b791f\" data-id=\"f5b791f\" data-element_type=\"column\">\n\t\t\t<div class=\"elementor-widget-wrap elementor-element-populated\">\n\t\t\t\t\t\t\t\t<div class=\"elementor-element elementor-element-3f7dce2 elementor-widget elementor-widget-qi_addons_for_elementor_contact_form_7\" data-id=\"3f7dce2\" data-element_type=\"widget\" data-widget_type=\"qi_addons_for_elementor_contact_form_7.default\">\n\t\t\t\t<div class=\"elementor-widget-container\">\n\t\t\t<div class=\"qodef-shortcode qodef-m  qodef-qi-contact-form-7 \">\n\t\n<div class=\"wpcf7 no-js\" id=\"wpcf7-f5108-o1\" lang=\"en-US\" dir=\"ltr\">\n<div class=\"screen-reader-response\"><p role=\"status\" aria-live=\"polite\" aria-atomic=\"true\"><\/p> <ul><\/ul><\/div>\n<form action=\"\/index.php?rest_route=%2Fwp%2Fv2%2Fpages%2F3568#wpcf7-f5108-o1\" method=\"post\" class=\"wpcf7-form init\" aria-label=\"Contact form\" novalidate=\"novalidate\" data-status=\"init\">\n<div style=\"display: none;\">\n<input type=\"hidden\" name=\"_wpcf7\" value=\"5108\" \/>\n<input type=\"hidden\" name=\"_wpcf7_version\" value=\"5.7.6\" \/>\n<input type=\"hidden\" name=\"_wpcf7_locale\" value=\"en_US\" \/>\n<input type=\"hidden\" name=\"_wpcf7_unit_tag\" value=\"wpcf7-f5108-o1\" \/>\n<input type=\"hidden\" name=\"_wpcf7_container_post\" value=\"0\" \/>\n<input type=\"hidden\" name=\"_wpcf7_posted_data_hash\" value=\"\" \/>\n<\/div>\n<div class=\"elementor-section elementor-container\">\n<div class=\"elementor-column elementor-col-50 custcol\">\n<p class=\"filett tleft\">Adataid:<\/p>\n    <span class=\"wpcf7-form-control-wrap\" data-name=\"your-name\"><input size=\"40\" class=\"wpcf7-form-control wpcf7-text wpcf7-validates-as-required tblinputs\" aria-required=\"true\" aria-invalid=\"false\" placeholder=\"Teljes Neved\" value=\"\" type=\"text\" name=\"your-name\" \/><\/span>\n    <span class=\"wpcf7-form-control-wrap\" data-name=\"your-tel\"><input size=\"40\" class=\"wpcf7-form-control wpcf7-text wpcf7-tel wpcf7-validates-as-required wpcf7-validates-as-tel tblinputs\" aria-required=\"true\" aria-invalid=\"false\" placeholder=\"Telefonsz\u00e1mod\" value=\"\" type=\"tel\" name=\"your-tel\" \/><\/span> \n    <span class=\"wpcf7-form-control-wrap\" data-name=\"your-email\"><input size=\"40\" class=\"wpcf7-form-control wpcf7-text wpcf7-email wpcf7-validates-as-required wpcf7-validates-as-email tblinputs\" aria-required=\"true\" aria-invalid=\"false\" placeholder=\"Email\" value=\"\" type=\"email\" name=\"your-email\" \/><\/span>\n<p class=\"filett tleft\">Megjegyz\u00e9s:<\/p>\n    <span class=\"wpcf7-form-control-wrap\" data-name=\"your-message\"><textarea cols=\"40\" rows=\"10\" class=\"wpcf7-form-control wpcf7-textarea tblinputs\" aria-invalid=\"false\" name=\"your-message\"><\/textarea><\/span> \n<\/div>\n<div class=\"elementor-column elementor-col-50 custcol\">\n<p class=\"filett\">V\u00e1lassz d\u00e1tumot:<\/p>\n<span class=\"wpcf7-form-control-wrap\" data-name=\"text-nnn\"><input size=\"40\" class=\"wpcf7-form-control wpcf7-text wpcf7-validates-as-required custominputss\" id=\"bookingdate\" aria-required=\"true\" aria-invalid=\"false\" value=\"\" type=\"text\" name=\"text-nnn\" \/><\/span>\n<p class=\"filett\">V\u00e1lassz id\u0151pontot:<\/p>\n<small style=\"color:#000000;\">Foglal\u00e1st leadni legal\u00e1bb 6 \u00f3r\u00e1val az id\u0151pont el\u0151tt lehet.<\/small>\n<label>\n<span class=\"wpcf7-form-control-wrap\" data-name=\"booking-time\"><select class=\"wpcf7-form-control wpcf7-select wpcf7-validates-as-required tblinputsgc\" id=\"bookingtime\" aria-required=\"true\" aria-invalid=\"false\" name=\"booking-time\"><option value=\"\"><\/option><option value=\"12:00\">12:00<\/option><option value=\"12:30\">12:30<\/option><option value=\"13:00\">13:00<\/option><option value=\"13:30\">13:30<\/option><option value=\"14:00\">14:00<\/option><option value=\"14:30\">14:30<\/option><option value=\"15:00\">15:00<\/option><option value=\"15:30\">15:30<\/option><option value=\"16:00\">16:00<\/option><option value=\"16:30\">16:30<\/option><option value=\"17:00\">17:00<\/option><option value=\"17:30\">17:30<\/option><option value=\"18:00\">18:00<\/option><option value=\"18:30\">18:30<\/option><option value=\"19:00\">19:00<\/option><option value=\"19:30\">19:30<\/option><\/select><\/span>\n<\/label>\n<p class=\"filett\">H\u00e1ny f\u0151re:<\/p>\n<label>\n<span class=\"wpcf7-form-control-wrap\" data-name=\"guest-counts\"><input class=\"wpcf7-form-control wpcf7-number wpcf7-validates-as-required wpcf7-validates-as-number tblinputsgc\" aria-required=\"true\" aria-invalid=\"false\" value=\"\" type=\"number\" name=\"guest-counts\" \/><\/span>\n<\/label>\n<\/div>\n<\/div>\n<span class=\"wpcf7-form-control-wrap\" data-name=\"acceptance-364\"><span class=\"wpcf7-form-control wpcf7-acceptance\"><span class=\"wpcf7-list-item\"><label><input type=\"checkbox\" name=\"acceptance-364\" value=\"1\" aria-invalid=\"false\" \/><span class=\"wpcf7-list-item-label\">Elfogadom az adatv\u00e9delmi ir\u00e1nyelveket.<\/span><\/label><\/span><\/span><\/span>\n<button class=\"wpcf7-form-control wpcf7-submit eltdf-btn eltdf-btn-medium eltdf-btn-outline\" id=\"133502423\" type=\"submit\"><span class=\"eltdf-btn-text\">FOGLAL\u00c1S V\u00c9GLEGES\u00cdT\u00c9SE<\/span><\/button><div class=\"wpcf7-response-output\" aria-hidden=\"true\"><\/div>\n<\/form>\n<\/div>\n<\/div>\n\t\t<\/div>\n\t\t\t\t<\/div>\n\t\t\t\t\t<\/div>\n\t\t<\/div>\n\t\t\t\t\t\t\t<\/div>\n\t\t<\/section>\n\t\t\t\t\t\t\t<\/div>\n\t\t","protected":false},"excerpt":{"rendered":"<p>Asztalfoglal\u00e1s Adataid: Megjegyz\u00e9s: V\u00e1lassz d\u00e1tumot: V\u00e1lassz id\u0151pontot: Foglal\u00e1st leadni legal\u00e1bb 6 \u00f3r\u00e1val az id\u0151pont el\u0151tt lehet. 12:0012:3013:0013:3014:0014:3015:0015:3016:0016:3017:0017:3018:0018:3019:0019:30 H\u00e1ny f\u0151re: Elfogadom az adatv\u00e9delmi ir\u00e1nyelveket. FOGLAL\u00c1S V\u00c9GLEGES\u00cdT\u00c9SE<\/p>\n","protected":false},"author":1,"featured_media":0,"parent":0,"menu_order":0,"comment_status":"closed","ping_status":"closed","template":"","meta":{"ngg_post_thumbnail":0,"footnotes":""},"class_list":["post-3568","page","type-page","status-publish","hentry"],"_links":{"self":[{"href":"https:\/\/www.nekedfoztem.com\/index.php?rest_route=\/wp\/v2\/pages\/3568","targetHints":{"allow":["GET"]}}],"collection":[{"href":"https:\/\/www.nekedfoztem.com\/index.php?rest_route=\/wp\/v2\/pages"}],"about":[{"href":"https:\/\/www.nekedfoztem.com\/index.php?rest_route=\/wp\/v2\/types\/page"}],"author":[{"embeddable":true,"href":"https:\/\/www.nekedfoztem.com\/index.php?rest_route=\/wp\/v2\/users\/1"}],"replies":[{"embeddable":true,"href":"https:\/\/www.nekedfoztem.com\/index.php?rest_route=%2Fwp%2Fv2%2Fcomments&post=3568"}],"version-history":[{"count":25,"href":"https:\/\/www.nekedfoztem.com\/index.php?rest_route=\/wp\/v2\/pages\/3568\/revisions"}],"predecessor-version":[{"id":5720,"href":"https:\/\/www.nekedfoztem.com\/index.php?rest_route=\/wp\/v2\/pages\/3568\/revisions\/5720"}],"wp:attachment":[{"href":"https:\/\/www.nekedfoztem.com\/index.php?rest_route=%2Fwp%2Fv2%2Fmedia&parent=3568"}],"curies":[{"name":"wp","href":"https:\/\/api.w.org\/{rel}","templated":true}]}}